{"id":332,"date":"2015-08-14T09:14:20","date_gmt":"2015-08-14T08:14:20","guid":{"rendered":"http:\/\/www.alainb-sites.fr\/dynamiq84\/?page_id=332"},"modified":"2015-10-14T20:09:49","modified_gmt":"2015-10-14T19:09:49","slug":"dynamiq-84-fait-peau-neuve","status":"publish","type":"page","link":"https:\/\/www.dynamiq-voyages-84.fr\/?page_id=332","title":{"rendered":"Nouveau site"},"content":{"rendered":"<p style=\"text-align: justify;\"><span style=\"font-family: arial,helvetica,sans-serif; font-size: 14pt;\">Notre site en sommeil pendant de longs mois refait surface sous une nouvelle forme, gr\u00e2ce \u00e0 Alain Barnier que je remercie tout particuli\u00e8rement pour son professionnalisme, son d\u00e9vouement et sa patience \u00e0 m&rsquo;expliquer et me re\u00e9xpliquer ce qu&rsquo;il m&rsquo;avait dit la veille\u00a0et que j&rsquo;avais oubli\u00e9 ou mal compris. Ce site sera celui de tous, sur lequel vous pourrez raconter\u00a0les moments du voyage qui vous auront le plus marqu\u00e9s, nous\u00a0proposer des pays \u00e0\u00a0visiter en nous en donnant les raisons. Bref, cet espace doit devenir un lieu d&rsquo;\u00e9changes entre nous.\u00a0Mettez le\u00a0dans vos favoris.<\/span><\/p>\n","protected":false},"excerpt":{"rendered":"<p>Notre site en sommeil pendant de longs mois refait surface sous une nouvelle forme, gr\u00e2ce \u00e0 Alain Barnier que je remercie tout particuli\u00e8rement pour son professionnalisme, son d\u00e9vouement et sa patience \u00e0 m&rsquo;expliquer et me re\u00e9xpliquer ce qu&rsquo;il m&rsquo;avait dit &hellip; <a href=\"https:\/\/www.dynamiq-voyages-84.fr\/?page_id=332\">Continuer la lecture <span class=\"meta-nav\">&rarr;<\/span><\/a><\/p>\n","protected":false},"author":3,"featured_media":0,"parent":0,"menu_order":0,"comment_status":"closed","ping_status":"open","template":"","meta":{"footnotes":""},"class_list":["post-332","page","type-page","status-publish","hentry"],"_links":{"self":[{"href":"https:\/\/www.dynamiq-voyages-84.fr\/index.php?rest_route=\/wp\/v2\/pages\/332","targetHints":{"allow":["GET"]}}],"collection":[{"href":"https:\/\/www.dynamiq-voyages-84.fr\/index.php?rest_route=\/wp\/v2\/pages"}],"about":[{"href":"https:\/\/www.dynamiq-voyages-84.fr\/index.php?rest_route=\/wp\/v2\/types\/page"}],"author":[{"embeddable":true,"href":"https:\/\/www.dynamiq-voyages-84.fr\/index.php?rest_route=\/wp\/v2\/users\/3"}],"replies":[{"embeddable":true,"href":"https:\/\/www.dynamiq-voyages-84.fr\/index.php?rest_route=%2Fwp%2Fv2%2Fcomments&post=332"}],"version-history":[{"count":1,"href":"https:\/\/www.dynamiq-voyages-84.fr\/index.php?rest_route=\/wp\/v2\/pages\/332\/revisions"}],"predecessor-version":[{"id":529,"href":"https:\/\/www.dynamiq-voyages-84.fr\/index.php?rest_route=\/wp\/v2\/pages\/332\/revisions\/529"}],"wp:attachment":[{"href":"https:\/\/www.dynamiq-voyages-84.fr\/index.php?rest_route=%2Fwp%2Fv2%2Fmedia&parent=332"}],"curies":[{"name":"wp","href":"https:\/\/api.w.org\/{rel}","templated":true}]}}