{"id":344,"date":"2015-08-22T17:34:03","date_gmt":"2015-08-22T16:34:03","guid":{"rendered":"http:\/\/www.alainb-sites.fr\/dynamiq84\/?page_id=344"},"modified":"2015-10-14T20:10:36","modified_gmt":"2015-10-14T19:10:36","slug":"qui-sommes-nous","status":"publish","type":"page","link":"https:\/\/www.dynamiq-voyages-84.fr\/?page_id=344","title":{"rendered":"Qui sommes nous ?"},"content":{"rendered":"<p style=\"text-align: justify;\"><span style=\"font-family: arial,helvetica,sans-serif; font-size: 14pt;\">Si vous entrez sur ce site pour la premi\u00e8re fois, vous vous posez, peut-\u00eatre, des questions sur notre association \u00ab\u00a0Dynamiq\u00a0\u00bb. L&rsquo;ann\u00e9e prochaine nous aurons vingt ans, le plus bel \u00e2ge de la vie,\u00a0\u00a0d&rsquo;apr\u00e8s Berthe Sylva, la chanteuse\u00a0adul\u00e9e \u00a0de\u00a0nos grand-m\u00e8res.<\/span><\/p>\n<p style=\"text-align: justify;\"><span style=\"font-family: arial,helvetica,sans-serif; font-size: 14pt;\">Nous\u00a0\u00e9tions au d\u00e9part \u00a0un petit\u00a0groupe d&rsquo;amis passionn\u00e9 de voyages. D&rsquo;autres\u00a0nous ont rejoints, amenant \u00e0 leur tour\u00a0leurs copains et amis qui, eux-m\u00eames,\u00a0en\u00a0recrut\u00e8rent de nouveaux,\u00a0\u00a0parceque l&rsquo;ambiance qui r\u00e8gne chez nous leur a plu. De ce fait, nous sommes maintenant tr\u00e8s nombreux. Mais rassurez vous, lorsque le nombre d&rsquo;inscrits pour un voyage est trop important, nous faisons plusieurs groupes d&rsquo;environ vingt-cinq personnes chacun,\u00a0qui partent \u00e0 des d\u00e2tes diff\u00e9rentes. Nous avons parcouru beaucoup de pays dont vous trouverez la liste dans une autre page.\u00a0Si vous souhaitez nous rejoindre, communiquez nous vos coordonn\u00e9es et nous vous enverrons notre programme annuel sans qu&rsquo;il vous en co\u00fbte rien. Et le jour o\u00f9 vous souhaiterez ne plus le recevoir,\u00a0\u00e0 votre demande, nous vous retirerons de nos listes. Soyez les bienvenus.<\/span><\/p>\n<p style=\"text-align: justify;\">\n","protected":false},"excerpt":{"rendered":"<p>Si vous entrez sur ce site pour la premi\u00e8re fois, vous vous posez, peut-\u00eatre, des questions sur notre association \u00ab\u00a0Dynamiq\u00a0\u00bb. L&rsquo;ann\u00e9e prochaine nous aurons vingt ans, le plus bel \u00e2ge de la vie,\u00a0\u00a0d&rsquo;apr\u00e8s Berthe Sylva, la chanteuse\u00a0adul\u00e9e \u00a0de\u00a0nos grand-m\u00e8res. Nous\u00a0\u00e9tions &hellip; <a href=\"https:\/\/www.dynamiq-voyages-84.fr\/?page_id=344\">Continuer la lecture <span class=\"meta-nav\">&rarr;<\/span><\/a><\/p>\n","protected":false},"author":3,"featured_media":0,"parent":0,"menu_order":0,"comment_status":"closed","ping_status":"closed","template":"","meta":{"footnotes":""},"class_list":["post-344","page","type-page","status-publish","hentry"],"_links":{"self":[{"href":"https:\/\/www.dynamiq-voyages-84.fr\/index.php?rest_route=\/wp\/v2\/pages\/344","targetHints":{"allow":["GET"]}}],"collection":[{"href":"https:\/\/www.dynamiq-voyages-84.fr\/index.php?rest_route=\/wp\/v2\/pages"}],"about":[{"href":"https:\/\/www.dynamiq-voyages-84.fr\/index.php?rest_route=\/wp\/v2\/types\/page"}],"author":[{"embeddable":true,"href":"https:\/\/www.dynamiq-voyages-84.fr\/index.php?rest_route=\/wp\/v2\/users\/3"}],"replies":[{"embeddable":true,"href":"https:\/\/www.dynamiq-voyages-84.fr\/index.php?rest_route=%2Fwp%2Fv2%2Fcomments&post=344"}],"version-history":[{"count":1,"href":"https:\/\/www.dynamiq-voyages-84.fr\/index.php?rest_route=\/wp\/v2\/pages\/344\/revisions"}],"predecessor-version":[{"id":531,"href":"https:\/\/www.dynamiq-voyages-84.fr\/index.php?rest_route=\/wp\/v2\/pages\/344\/revisions\/531"}],"wp:attachment":[{"href":"https:\/\/www.dynamiq-voyages-84.fr\/index.php?rest_route=%2Fwp%2Fv2%2Fmedia&parent=344"}],"curies":[{"name":"wp","href":"https:\/\/api.w.org\/{rel}","templated":true}]}}