{"id":463,"date":"2015-10-04T19:00:07","date_gmt":"2015-10-04T18:00:07","guid":{"rendered":"http:\/\/www.dynamiq-voyages-84.fr.preview11.oxito.com\/?page_id=463"},"modified":"2015-10-14T20:10:11","modified_gmt":"2015-10-14T19:10:11","slug":"quel-type-de-voyages","status":"publish","type":"page","link":"https:\/\/www.dynamiq-voyages-84.fr\/?page_id=463","title":{"rendered":"Quel type de voyages"},"content":{"rendered":"<p style=\"text-align: justify;\"><span style=\"font-family: arial,helvetica,sans-serif; font-size: 14pt;\">Le choix du type de voyage se fait en fonction des go\u00fbts du groupe. Pr\u00e9f\u00e8re-t-il un s\u00e9jour en h\u00f4tels-clubs, qui \u00e9vite de faire et d\u00e9faire sa valise chaque jour, ou tous les deux ou trois jours? C&rsquo;est la formule qui convient particuli\u00e8rement aux familles avec enfants en bas \u00e2ges, car ces structures leur proposent des animations. Et puis il y a ceux qui pr\u00e9f\u00e8rent les croisi\u00e8res qui sont des voyages en h\u00f4tels flottants d&rsquo;un grand confort, propices au farniente, avec toutes sortes de distractions. Mais lors des escales on ne pourra visiter, en option,\u00a0que la ville portuaire et ses environs imm\u00e9diats, sans p\u00e9n\u00e9trer \u00e0 l&rsquo;int\u00e9rieur des terres.\u00a0Les personnes d&rsquo;un temp\u00e9rament plus curieux opteront pour la formule circuit, car elle permet une d\u00e9couverte approfondie d&rsquo;un pays, assortie des visites des sites r\u00e9put\u00e9s et parce qu&rsquo;elle favorise les rencontres avec les populations. Cette\u00a0troisi\u00e8me formule est certes plus fatigante mais culturellement plus enrichissante. C&rsquo;est celle que pr\u00e9f\u00e8rent les\u00a0\u00bbDynamiq\u00a0\u00bb. Mais si une majorit\u00e9 se d\u00e9gage pour l&rsquo;une des deux autres, pourquoi ne\u00a0pas l&rsquo;envisager?<\/span><\/p>\n","protected":false},"excerpt":{"rendered":"<p>Le choix du type de voyage se fait en fonction des go\u00fbts du groupe. Pr\u00e9f\u00e8re-t-il un s\u00e9jour en h\u00f4tels-clubs, qui \u00e9vite de faire et d\u00e9faire sa valise chaque jour, ou tous les deux ou trois jours? C&rsquo;est la formule qui &hellip; <a href=\"https:\/\/www.dynamiq-voyages-84.fr\/?page_id=463\">Continuer la lecture <span class=\"meta-nav\">&rarr;<\/span><\/a><\/p>\n","protected":false},"author":3,"featured_media":0,"parent":0,"menu_order":0,"comment_status":"closed","ping_status":"closed","template":"","meta":{"footnotes":""},"class_list":["post-463","page","type-page","status-publish","hentry"],"_links":{"self":[{"href":"https:\/\/www.dynamiq-voyages-84.fr\/index.php?rest_route=\/wp\/v2\/pages\/463","targetHints":{"allow":["GET"]}}],"collection":[{"href":"https:\/\/www.dynamiq-voyages-84.fr\/index.php?rest_route=\/wp\/v2\/pages"}],"about":[{"href":"https:\/\/www.dynamiq-voyages-84.fr\/index.php?rest_route=\/wp\/v2\/types\/page"}],"author":[{"embeddable":true,"href":"https:\/\/www.dynamiq-voyages-84.fr\/index.php?rest_route=\/wp\/v2\/users\/3"}],"replies":[{"embeddable":true,"href":"https:\/\/www.dynamiq-voyages-84.fr\/index.php?rest_route=%2Fwp%2Fv2%2Fcomments&post=463"}],"version-history":[{"count":2,"href":"https:\/\/www.dynamiq-voyages-84.fr\/index.php?rest_route=\/wp\/v2\/pages\/463\/revisions"}],"predecessor-version":[{"id":530,"href":"https:\/\/www.dynamiq-voyages-84.fr\/index.php?rest_route=\/wp\/v2\/pages\/463\/revisions\/530"}],"wp:attachment":[{"href":"https:\/\/www.dynamiq-voyages-84.fr\/index.php?rest_route=%2Fwp%2Fv2%2Fmedia&parent=463"}],"curies":[{"name":"wp","href":"https:\/\/api.w.org\/{rel}","templated":true}]}}